{"id":1484,"date":"2020-07-02T15:14:14","date_gmt":"2020-07-02T13:14:14","guid":{"rendered":"https:\/\/www.tobacco.biz\/kontakt\/"},"modified":"2026-04-12T12:17:02","modified_gmt":"2026-04-12T10:17:02","slug":"kontakt","status":"publish","type":"page","link":"https:\/\/www.tobacco.biz\/pl\/kontakt\/","title":{"rendered":"Kontakt"},"content":{"rendered":"<div class=\"et_pb_section_0 et_pb_section et_section_regular et_block_section\" id=\"about\"><div class=\"et_pb_row_0 et_pb_row et_block_row\"><div class=\"et_pb_column_0 et_pb_column et_pb_column_4_4 et-last-child et_block_column et_pb_css_mix_blend_mode_passthrough\"><div class=\"et_pb_text_0 et_pb_text et_pb_bg_layout_light et_clickable et_pb_module et_block_module\"><div class=\"et_pb_text_inner\"><h2>Kontakt<\/h2>\n<\/div><\/div><\/div><\/div><\/div><div class=\"et_pb_section_1 et_pb_section et_section_regular et_block_section\"><div class=\"et_pb_row_1 et_pb_row et_block_row\"><div class=\"et_pb_column_1 et_pb_column et_pb_column_1_2 et_block_column et_pb_css_mix_blend_mode_passthrough\"><div class=\"et_pb_text_1 et_pb_text et_pb_bg_layout_light et_pb_module et_block_module\"><div class=\"et_pb_text_inner\"><h3>Adres siedziby<\/h3>\n<h2>TOBACCO BIZ<\/h2>\n<\/div><\/div><div class=\"et_pb_blurb_0 et_pb_blurb et_pb_bg_layout_light et_pb_blurb_position_left et_pb_module et_block_module\"><div class=\"et_pb_blurb_content\"><div class=\"et_pb_main_blurb_image\"><span class=\"et_pb_image_wrap\"><span class=\"et-pb-icon et_animated et_animated\">\ue01d<\/span><\/span><\/div><div class=\"et_pb_blurb_container\"><h4 class=\"et_pb_module_header\">Adres<\/h4><div class=\"et_pb_blurb_description\"><p><span>Via Castenedolo 10 \u2013 00188 Roma<\/span><\/p>\n<\/div><\/div><\/div><\/div><div class=\"et_pb_blurb_1 et_pb_blurb et_pb_bg_layout_light et_pb_blurb_position_left et_pb_module et_block_module\"><div class=\"et_pb_blurb_content\"><div class=\"et_pb_main_blurb_image\"><span class=\"et_pb_image_wrap\"><span class=\"et-pb-icon et_animated et_animated\">\ue090<\/span><\/span><\/div><div class=\"et_pb_blurb_container\"><h4 class=\"et_pb_module_header\">Telefon<\/h4><div class=\"et_pb_blurb_description\"><p><a href=\"tel:+390633677154\"><span>+39 06 33677154<\/span><\/a><\/p>\n<\/div><\/div><\/div><\/div><div class=\"et_pb_blurb_2 et_pb_blurb et_pb_bg_layout_light et_pb_blurb_position_left et_pb_module et_block_module\"><div class=\"et_pb_blurb_content\"><div class=\"et_pb_main_blurb_image\"><span class=\"et_pb_image_wrap\"><span class=\"et-pb-icon et_animated et_animated\">\uf232<\/span><\/span><\/div><div class=\"et_pb_blurb_container\"><h4 class=\"et_pb_module_header\">WhatsApp<\/h4><div class=\"et_pb_blurb_description\"><p><a href=\"https:\/\/wa.me\/393389440953\">napisz do nas tutaj<\/a><\/p>\n<\/div><\/div><\/div><\/div><div class=\"et_pb_blurb_3 et_pb_blurb et_pb_bg_layout_light et_pb_blurb_position_left et_pb_module et_block_module\"><div class=\"et_pb_blurb_content\"><div class=\"et_pb_main_blurb_image\"><span class=\"et_pb_image_wrap\"><span class=\"et-pb-icon et_animated et_animated\">i<\/span><\/span><\/div><div class=\"et_pb_blurb_container\"><h4 class=\"et_pb_module_header\">E-mail<\/h4><div class=\"et_pb_blurb_description\"><p><a href=\"mailto:info@tobacco.biz\" target=\"_blank\" rel=\"noopener noreferrer\">info@tobacco.biz<\/a><\/p>\n<\/div><\/div><\/div><\/div><\/div><div class=\"et_pb_column_2 et_pb_column et_pb_column_1_2 et-last-child et_block_column et_pb_css_mix_blend_mode_passthrough\"><div class=\"et_pb_text_2 et_pb_text et_pb_bg_layout_light et_pb_module et_block_module\"><div class=\"et_pb_text_inner\"><h3>Napisz do nas<\/h3>\n<h2>WYS\u0141A\u0106 WIADOMO\u015a\u0106<\/h2>\n<\/div><\/div><div class=\"et_pb_contact_form_0 et_pb_contact_form_container clearfix et_pb_module et_flex_module\" data-form_unique_num=\"0\" data-form_unique_id=\"3d4c351c-f9dd-4c98-a2d2-cf98994385a1\" id=\"et_pb_contact_form_3d4c351c-f9dd-4c98-a2d2-cf98994385a1\"><div class=\"et-pb-contact-message\"><\/div><div class=\"et_pb_contact\"><form class=\"et_pb_contact_form et_flex_module\" method=\"post\" action=\"https:\/\/www.tobacco.biz\/pl\/wp-json\/wp\/v2\/pages\/1484\"><div class=\"et_pb_contact_field_0 et_pb_contact_field et_pb_module et_flex_module et_flex_column_12_24 et_flex_column_12_24_tablet et_flex_column_12_24_phone\" data-id=\"name\" data-type=\"input\"><label class=\"et_pb_contact_form_label\" for=\"et_pb_contact_0_name_0\">Nome<\/label><input type=\"text\" name=\"et_pb_contact_0_name_0\" id=\"et_pb_contact_0_name_0\" class=\"input\" data-required_mark=\"required\" data-field_type=\"input\" data-original_id=\"name\" placeholder=\"Nome\" title=\"\" value=\"\" \/><\/div><div class=\"et_pb_contact_field_1 et_pb_contact_field et_pb_module et_flex_module et_flex_column_12_24 et_flex_column_12_24_tablet et_flex_column_12_24_phone\" data-id=\"email\" data-type=\"email\"><label class=\"et_pb_contact_form_label\" for=\"et_pb_contact_0_email_1\">Indirizzo e-mail<\/label><input type=\"text\" name=\"et_pb_contact_0_email_1\" id=\"et_pb_contact_0_email_1\" class=\"input\" data-required_mark=\"required\" data-field_type=\"email\" data-original_id=\"email\" placeholder=\"Indirizzo e-mail\" title=\"\" value=\"\" \/><\/div><div class=\"et_pb_contact_field_2 et_pb_contact_field et_pb_module et_flex_module et_flex_column_24_24 et_flex_column_24_24_tablet et_flex_column_24_24_phone\" data-id=\"message\" data-type=\"text\"><label class=\"et_pb_contact_form_label\" for=\"et_pb_contact_0_message_2\">Messaggio<\/label><textarea name=\"et_pb_contact_0_message_2\" id=\"et_pb_contact_0_message_2\" class=\"et_pb_contact_message input\" data-required_mark=\"required\" data-field_type=\"text\" data-original_id=\"message\" placeholder=\"Messaggio\"><\/textarea><\/div><div class=\"et_pb_contact_field_3 et_pb_contact_field et_pb_module et_flex_module et_flex_column_24_24 et_flex_column_24_24_tablet et_flex_column_24_24_phone\" data-id=\"privacy\" data-type=\"checkbox\"><label class=\"et_pb_contact_form_label\">Privacy Policy<\/label><input type=\"hidden\" name=\"et_pb_contact_0_privacy_3\" class=\"et_pb_checkbox_handle\" data-required_mark=\"required\" data-field_type=\"checkbox\" data-original_id=\"privacy\" \/><span class=\"et_pb_contact_field_options_wrapper\"><span class=\"et_pb_contact_field_options_title\">Privacy Policy<\/span><span class=\"et_pb_contact_field_options_list\"><span class=\"et_pb_contact_field_checkbox\"><input type=\"checkbox\" id=\"et_pb_contact_0_privacy_3_0\" class=\"input\" value=\"I declare that I have read and accepted the terms of the Privacy policy\" data-required_mark=\"required\" data-field_type=\"checkbox\" data-original_id=\"privacy\" \/><label for=\"et_pb_contact_0_privacy_3_0\"><i><\/i>I declare that I have read and accepted the terms of the Privacy policy<\/label><\/span><\/span><\/span><\/div><input type=\"hidden\" name=\"et_pb_contactform_submit_3d4c351c-f9dd-4c98-a2d2-cf98994385a1\" value=\"et_contact_proccess\" \/><div class=\"et_contact_bottom_container\"><div class=\"et_pb_button_wrapper\"><button type=\"submit\" name=\"et_builder_submit_button\" class=\"et_pb_button et_pb_contact_submit\">Send<\/button><\/div><\/div><input type=\"hidden\" id=\"_wpnonce-et-pb-contact-form-submitted-3d4c351c-f9dd-4c98-a2d2-cf98994385a1\" name=\"_wpnonce-et-pb-contact-form-submitted-3d4c351c-f9dd-4c98-a2d2-cf98994385a1\" value=\"608875c3c8\" \/><input type=\"hidden\" name=\"_wp_http_referer\" value=\"\/pl\/wp-json\/wp\/v2\/pages\/1484\" \/><\/form><\/div><\/div><\/div><\/div><div class=\"et_pb_row_2 et_pb_row et_block_row\"><div class=\"et_pb_column_3 et_pb_column et_pb_column_4_4 et-last-child et_block_column et_pb_css_mix_blend_mode_passthrough\"><div class=\"et_pb_code_0 et_pb_code et_pb_module\"><div class=\"et_pb_code_inner\"><iframe loading=\"lazy\" src=\"https:\/\/www.google.com\/maps\/embed?pb=!1m18!1m12!1m3!1d2963.6785376000494!2d12.464872615445872!3d42.028628079210485!2m3!1f0!2f0!3f0!3m2!1i1024!2i768!4f13.1!3m3!1m2!1s0x132f6875d8996315%3A0x505a50b410a601a4!2sVia%20Castenedolo%2C%2010%2C%2000188%20Roma%20RM!5e0!3m2!1sit!2sit!4v1593767172291!5m2!1sit!2sit\" width=\"100%\" height=\"450\" frameborder=\"0\" style=\"border:0;\" allowfullscreen=\"\" aria-hidden=\"false\" tabindex=\"0\"><\/iframe><\/div><\/div><\/div><\/div><\/div>","protected":false},"excerpt":{"rendered":"","protected":false},"author":1,"featured_media":0,"parent":0,"menu_order":0,"comment_status":"closed","ping_status":"closed","template":"","meta":{"footnotes":""},"class_list":["post-1484","page","type-page","status-publish","hentry"],"yoast_head":"<!-- This site is optimized with the Yoast SEO plugin v27.3 - https:\/\/yoast.com\/product\/yoast-seo-wordpress\/ -->\n<title>Kontakt - Tobacco.biz<\/title>\n<meta name=\"robots\" content=\"index, follow, max-snippet:-1, max-image-preview:large, max-video-preview:-1\" \/>\n<link rel=\"canonical\" href=\"https:\/\/www.tobacco.biz\/contacts\/\" \/>\n<meta property=\"og:locale\" content=\"pl_PL\" \/>\n<meta property=\"og:type\" content=\"article\" \/>\n<meta property=\"og:title\" content=\"Kontakt - Tobacco.biz\" \/>\n<meta property=\"og:url\" content=\"https:\/\/www.tobacco.biz\/contacts\/\" \/>\n<meta property=\"og:site_name\" content=\"Tobacco.biz\" \/>\n<meta property=\"article:modified_time\" content=\"2026-04-12T10:17:02+00:00\" \/>\n<meta property=\"og:image\" content=\"https:\/\/www.tobacco.biz\/wp-content\/uploads\/2021\/11\/tobaccobiz-logo-1-e1757952081664.png\" \/>\n\t<meta property=\"og:image:width\" content=\"400\" \/>\n\t<meta property=\"og:image:height\" content=\"93\" \/>\n\t<meta property=\"og:image:type\" content=\"image\/png\" \/>\n<meta name=\"twitter:card\" content=\"summary_large_image\" \/>\n<script type=\"application\/ld+json\" class=\"yoast-schema-graph\">{\"@context\":\"https:\\\/\\\/schema.org\",\"@graph\":[{\"@type\":\"WebPage\",\"@id\":\"https:\\\/\\\/www.tobacco.biz\\\/contacts\\\/\",\"url\":\"https:\\\/\\\/www.tobacco.biz\\\/contacts\\\/\",\"name\":\"Kontakt - Tobacco.biz\",\"isPartOf\":{\"@id\":\"https:\\\/\\\/www.tobacco.biz\\\/#website\"},\"datePublished\":\"2020-07-02T13:14:14+00:00\",\"dateModified\":\"2026-04-12T10:17:02+00:00\",\"breadcrumb\":{\"@id\":\"https:\\\/\\\/www.tobacco.biz\\\/contacts\\\/#breadcrumb\"},\"inLanguage\":\"pl-PL\",\"potentialAction\":[{\"@type\":\"ReadAction\",\"target\":[\"https:\\\/\\\/www.tobacco.biz\\\/contacts\\\/\"]}]},{\"@type\":\"BreadcrumbList\",\"@id\":\"https:\\\/\\\/www.tobacco.biz\\\/contacts\\\/#breadcrumb\",\"itemListElement\":[{\"@type\":\"ListItem\",\"position\":1,\"name\":\"Home\",\"item\":\"https:\\\/\\\/www.tobacco.biz\\\/\"},{\"@type\":\"ListItem\",\"position\":2,\"name\":\"Kontakt\"}]},{\"@type\":\"WebSite\",\"@id\":\"https:\\\/\\\/www.tobacco.biz\\\/#website\",\"url\":\"https:\\\/\\\/www.tobacco.biz\\\/\",\"name\":\"Tobacco.biz\",\"description\":\"...\",\"publisher\":{\"@id\":\"https:\\\/\\\/www.tobacco.biz\\\/#organization\"},\"potentialAction\":[{\"@type\":\"SearchAction\",\"target\":{\"@type\":\"EntryPoint\",\"urlTemplate\":\"https:\\\/\\\/www.tobacco.biz\\\/?s={search_term_string}\"},\"query-input\":{\"@type\":\"PropertyValueSpecification\",\"valueRequired\":true,\"valueName\":\"search_term_string\"}}],\"inLanguage\":\"pl-PL\"},{\"@type\":\"Organization\",\"@id\":\"https:\\\/\\\/www.tobacco.biz\\\/#organization\",\"name\":\"Italian Flair Srl\",\"url\":\"https:\\\/\\\/www.tobacco.biz\\\/\",\"logo\":{\"@type\":\"ImageObject\",\"inLanguage\":\"pl-PL\",\"@id\":\"https:\\\/\\\/www.tobacco.biz\\\/#\\\/schema\\\/logo\\\/image\\\/\",\"url\":\"https:\\\/\\\/www.tobacco.biz\\\/wp-content\\\/uploads\\\/2021\\\/11\\\/tobaccobiz-logo-1-e1757952081664.png\",\"contentUrl\":\"https:\\\/\\\/www.tobacco.biz\\\/wp-content\\\/uploads\\\/2021\\\/11\\\/tobaccobiz-logo-1-e1757952081664.png\",\"width\":400,\"height\":93,\"caption\":\"Italian Flair Srl\"},\"image\":{\"@id\":\"https:\\\/\\\/www.tobacco.biz\\\/#\\\/schema\\\/logo\\\/image\\\/\"}}]}<\/script>\n<!-- \/ Yoast SEO plugin. -->","yoast_head_json":{"title":"Kontakt - Tobacco.biz","robots":{"index":"index","follow":"follow","max-snippet":"max-snippet:-1","max-image-preview":"max-image-preview:large","max-video-preview":"max-video-preview:-1"},"canonical":"https:\/\/www.tobacco.biz\/contacts\/","og_locale":"pl_PL","og_type":"article","og_title":"Kontakt - Tobacco.biz","og_url":"https:\/\/www.tobacco.biz\/contacts\/","og_site_name":"Tobacco.biz","article_modified_time":"2026-04-12T10:17:02+00:00","og_image":[{"width":400,"height":93,"url":"https:\/\/www.tobacco.biz\/wp-content\/uploads\/2021\/11\/tobaccobiz-logo-1-e1757952081664.png","type":"image\/png"}],"twitter_card":"summary_large_image","schema":{"@context":"https:\/\/schema.org","@graph":[{"@type":"WebPage","@id":"https:\/\/www.tobacco.biz\/contacts\/","url":"https:\/\/www.tobacco.biz\/contacts\/","name":"Kontakt - Tobacco.biz","isPartOf":{"@id":"https:\/\/www.tobacco.biz\/#website"},"datePublished":"2020-07-02T13:14:14+00:00","dateModified":"2026-04-12T10:17:02+00:00","breadcrumb":{"@id":"https:\/\/www.tobacco.biz\/contacts\/#breadcrumb"},"inLanguage":"pl-PL","potentialAction":[{"@type":"ReadAction","target":["https:\/\/www.tobacco.biz\/contacts\/"]}]},{"@type":"BreadcrumbList","@id":"https:\/\/www.tobacco.biz\/contacts\/#breadcrumb","itemListElement":[{"@type":"ListItem","position":1,"name":"Home","item":"https:\/\/www.tobacco.biz\/"},{"@type":"ListItem","position":2,"name":"Kontakt"}]},{"@type":"WebSite","@id":"https:\/\/www.tobacco.biz\/#website","url":"https:\/\/www.tobacco.biz\/","name":"Tobacco.biz","description":"...","publisher":{"@id":"https:\/\/www.tobacco.biz\/#organization"},"potentialAction":[{"@type":"SearchAction","target":{"@type":"EntryPoint","urlTemplate":"https:\/\/www.tobacco.biz\/?s={search_term_string}"},"query-input":{"@type":"PropertyValueSpecification","valueRequired":true,"valueName":"search_term_string"}}],"inLanguage":"pl-PL"},{"@type":"Organization","@id":"https:\/\/www.tobacco.biz\/#organization","name":"Italian Flair Srl","url":"https:\/\/www.tobacco.biz\/","logo":{"@type":"ImageObject","inLanguage":"pl-PL","@id":"https:\/\/www.tobacco.biz\/#\/schema\/logo\/image\/","url":"https:\/\/www.tobacco.biz\/wp-content\/uploads\/2021\/11\/tobaccobiz-logo-1-e1757952081664.png","contentUrl":"https:\/\/www.tobacco.biz\/wp-content\/uploads\/2021\/11\/tobaccobiz-logo-1-e1757952081664.png","width":400,"height":93,"caption":"Italian Flair Srl"},"image":{"@id":"https:\/\/www.tobacco.biz\/#\/schema\/logo\/image\/"}}]}},"_links":{"self":[{"href":"https:\/\/www.tobacco.biz\/pl\/wp-json\/wp\/v2\/pages\/1484","targetHints":{"allow":["GET"]}}],"collection":[{"href":"https:\/\/www.tobacco.biz\/pl\/wp-json\/wp\/v2\/pages"}],"about":[{"href":"https:\/\/www.tobacco.biz\/pl\/wp-json\/wp\/v2\/types\/page"}],"author":[{"embeddable":true,"href":"https:\/\/www.tobacco.biz\/pl\/wp-json\/wp\/v2\/users\/1"}],"replies":[{"embeddable":true,"href":"https:\/\/www.tobacco.biz\/pl\/wp-json\/wp\/v2\/comments?post=1484"}],"version-history":[{"count":2,"href":"https:\/\/www.tobacco.biz\/pl\/wp-json\/wp\/v2\/pages\/1484\/revisions"}],"predecessor-version":[{"id":1888,"href":"https:\/\/www.tobacco.biz\/pl\/wp-json\/wp\/v2\/pages\/1484\/revisions\/1888"}],"wp:attachment":[{"href":"https:\/\/www.tobacco.biz\/pl\/wp-json\/wp\/v2\/media?parent=1484"}],"curies":[{"name":"wp","href":"https:\/\/api.w.org\/{rel}","templated":true}]}}