{"id":1487,"date":"2020-07-02T13:17:38","date_gmt":"2020-07-02T11:17:38","guid":{"rendered":"https:\/\/www.tobacco.biz\/o-nas\/"},"modified":"2026-04-12T12:17:01","modified_gmt":"2026-04-12T10:17:01","slug":"o-nas","status":"publish","type":"page","link":"https:\/\/www.tobacco.biz\/pl\/o-nas\/","title":{"rendered":"O Nas"},"content":{"rendered":"<div class=\"et_pb_section_0 et_pb_section et_section_regular et_block_section\"><div class=\"et_pb_row_0 et_pb_row et_pb_equal_columns et_pb_gutters1 et_block_row\"><div class=\"et_pb_column_0 et_pb_column et_pb_column_1_2 et_block_column et_pb_column_empty et_pb_css_mix_blend_mode_passthrough\"><\/div><div class=\"et_pb_column_1 et_pb_column et_pb_column_1_2 et-last-child et_block_column et_pb_css_mix_blend_mode_passthrough\"><div class=\"et_pb_text_0 et_pb_text et_pb_bg_layout_light et_pb_module et_block_module\"><div class=\"et_pb_text_inner\"><h3>O NAS<\/h3>\n<h2>NASZA HISTORIA<\/h2>\n<p>&nbsp;<\/p>\n<p>Nasze korzenie si\u0119gaj\u0105 <strong>1791<\/strong> roku, kiedy Antonio Marino, \u00f3wczesny Austriacki arystokratyczny przodek mowi\u0105cy po w\u0142osku, stawia\u0142 pierwsze kroki na rynku tytoniowym handluj\u0105c tytoniem poprzez drog\u0119 morsk\u0105 pomi\u0119dzy <strong>Turcj\u0105 a Austri\u0105<\/strong>.<\/p>\n<p>Firma by\u0142a przekazywana nast\u0119pcom od <strong>pokole\u0144<\/strong>, a po pierwszej wojnie \u015bwiatowej rozprzestrzeni\u0142a si\u0119 na <strong>Niemcy, Grecj\u0119, Bu\u0142gari\u0119, Rumuni\u0119, Turcj\u0119<\/strong> i <strong>W\u0142ochy<\/strong>. Dzi\u015b, b\u0119d\u0105c w pe\u0142ni mi\u0119dzynarodow\u0105 firm\u0105, produkujemy tyto\u0144 we w\u0142asnych bad\u017a wynajmowanych zak\u0142adach produkcyjnych.<\/p>\n<p>Przez lata wypracowali\u015bmy mi\u0119dzynarodowy tzw. <strong>\"know-how\"<\/strong> oraz <strong>do\u015bwiadczenie<\/strong>, kt\u00f3re pozwala nam zrozumie\u0107 <strong>potrzeby rynku<\/strong>, a tym samym \u015bwiadczy\u0107 us\u0142ugi na najwy\u017cszym poziomie dostosowuj\u0105c sie do wymaga\u0144 i <strong>\u017cycze\u0144 klient\u00f3w<\/strong>. Stawiamy na <strong>jako\u015b\u0107<\/strong>, <strong>precyzj\u0119<\/strong>, <strong>niezawodno\u015b\u0107<\/strong> oraz <strong>szybko\u015b\u0107 realizacji.<\/strong><\/p>\n<\/div><\/div><div class=\"et_pb_image_0 et_pb_image et_pb_module et_block_module\"><span class=\"et_pb_image_wrap\"><img loading=\"lazy\" decoding=\"async\" src=\"https:\/\/www.tobacco.biz\/wp-content\/uploads\/2020\/09\/ABOUT-US.jpg\" width=\"1783\" height=\"1178\" srcset=\"https:\/\/www.tobacco.biz\/wp-content\/uploads\/2020\/09\/ABOUT-US.jpg 1783w, https:\/\/www.tobacco.biz\/wp-content\/uploads\/2020\/09\/ABOUT-US-1280x846.jpg 1280w, https:\/\/www.tobacco.biz\/wp-content\/uploads\/2020\/09\/ABOUT-US-980x647.jpg 980w, https:\/\/www.tobacco.biz\/wp-content\/uploads\/2020\/09\/ABOUT-US-480x317.jpg 480w\" sizes=\"(min-width: 0px) and (max-width: 480px) 480px, (min-width: 481px) and (max-width: 980px) 980px, (min-width: 981px) and (max-width: 1280px) 1280px, (min-width: 1281px) 1783px, 100vw\" class=\"wp-image-847\" title=\"ABOUT US\" \/><\/span><\/div><\/div><\/div><\/div><div class=\"et_pb_section_1 et_pb_section et_section_regular et_block_section\"><div class=\"et_pb_row_1 et_pb_row et_pb_equal_columns et_pb_gutters2 et_block_row\"><div class=\"et_pb_column_2 et_pb_column et_pb_column_1_3 et_block_column et_pb_css_mix_blend_mode_passthrough\"><div class=\"et_pb_blurb_0 et_pb_blurb et_pb_bg_layout_light et_pb_blurb_position_top et_pb_module et_block_module\"><div class=\"et_pb_blurb_content\"><div class=\"et_pb_main_blurb_image\"><span class=\"et_pb_image_wrap\"><span class=\"et-pb-icon et_animated et_animated\">N<\/span><\/span><\/div><div class=\"et_pb_blurb_container\"><h4 class=\"et_pb_module_header\">na czym si\u0119 skupiamy<\/h4><div class=\"et_pb_blurb_description\"><p><span style=\"font-weight: 400;\">Dzi\u0119ki ci\u0119\u017ckiej i profesjonalnej pracy, nastawionej na <strong>satysfakcj\u0119 klienta<\/strong> oraz dzieki dokonywanym na bie\u017c\u0105co <strong>inwestycjom<\/strong>, <strong>innowacjom<\/strong> i badaniom nasza rodzinna firma ma dzi\u015b <strong>mi\u0119dzynarodowe<\/strong> korzenie.<\/span><\/p>\n<\/div><\/div><\/div><\/div><\/div><div class=\"et_pb_column_3 et_pb_column et_pb_column_1_3 et_block_column et_pb_css_mix_blend_mode_passthrough\"><div class=\"et_pb_blurb_1 et_pb_blurb et_pb_bg_layout_light et_pb_blurb_position_top et_pb_module et_block_module\"><div class=\"et_pb_blurb_content\"><div class=\"et_pb_main_blurb_image\"><span class=\"et_pb_image_wrap\"><span class=\"et-pb-icon et_animated et_animated\">\ue009<\/span><\/span><\/div><div class=\"et_pb_blurb_container\"><h4 class=\"et_pb_module_header\">uprawy<\/h4><div class=\"et_pb_blurb_description\"><p><span style=\"font-weight: 400;\">Dbamy o ca\u0142y <strong>\u0142a\u0144cuch dostaw<\/strong> pocz\u0105wszy od <strong>rolnictwa<\/strong>.<\/span><span style=\"font-weight: 400;\"> <\/span><span style=\"font-weight: 400;\">Uprawiamy szerok\u0105 gam\u0119 <strong>odmian tytoniu<\/strong>, opieraj\u0105c si\u0119 na do\u015bwiadczonym zespole i zaawansowanych <strong>technologiach.<\/strong><\/span><span style=\"font-weight: 400;\"> <\/span><span style=\"font-weight: 400;\">Inwestujemy i wierzymy w <strong>zr\u00f3wnowa\u017cone rolnictwo<\/strong>, zaawansowan\u0105 technologi\u0119 i <strong>zasoby ludzkie<\/strong>, aby zoptymalizowa\u0107 jako\u015b\u0107 i ilo\u015b\u0107 plon\u00f3w.<\/span><\/p>\n<\/div><\/div><\/div><\/div><\/div><div class=\"et_pb_column_4 et_pb_column et_pb_column_1_3 et-last-child et_block_column et_pb_css_mix_blend_mode_passthrough\"><div class=\"et_pb_blurb_2 et_pb_blurb et_pb_bg_layout_light et_pb_blurb_position_top et_pb_module et_block_module\"><div class=\"et_pb_blurb_content\"><div class=\"et_pb_main_blurb_image\"><span class=\"et_pb_image_wrap\"><span class=\"et-pb-icon et_animated et_animated\">\ue033<\/span><\/span><\/div><div class=\"et_pb_blurb_container\"><h4 class=\"et_pb_module_header\">flavors<\/h4><div class=\"et_pb_blurb_description\"><p><span style=\"font-weight: 400;\">Ka\u017cdego dnia ci\u0119\u017cko pracujemy, aby zapewni\u0107 naszym klientom najwy\u017csz\u0105 <strong>jako\u015b\u0107<\/strong> i <strong>konkurencyjne ceny<\/strong>. Dzi\u0119ki naszemu do\u015bwiadczonemu i wykwalifikowanemu zespo\u0142owi specjalist\u00f3w zachowujemy <strong>naturalny smak<\/strong> tytoniu,<\/span> <span style=\"font-weight: 400;\">ka\u017cdym wytwarzanym przez nas produkcie.<\/span><\/p>\n<\/div><\/div><\/div><\/div><\/div><\/div><\/div><div class=\"et_pb_section_2 et_pb_section et_section_regular et_block_section\"><div class=\"et_pb_row_2 et_pb_row et_pb_equal_columns et_pb_gutters1 et_block_row\"><div class=\"et_pb_column_5 et_pb_column et_pb_column_1_2 et_block_column et_pb_css_mix_blend_mode_passthrough\"><div class=\"et_pb_image_1 et_pb_image et_pb_module et_block_module\"><span class=\"et_pb_image_wrap\"><img loading=\"lazy\" decoding=\"async\" src=\"https:\/\/www.tobacco.biz\/wp-content\/uploads\/2020\/10\/tailor-made-solutions-2opzione.jpg\" width=\"2362\" height=\"1800\" srcset=\"https:\/\/www.tobacco.biz\/wp-content\/uploads\/2020\/10\/tailor-made-solutions-2opzione.jpg 2362w, https:\/\/www.tobacco.biz\/wp-content\/uploads\/2020\/10\/tailor-made-solutions-2opzione-1280x975.jpg 1280w, https:\/\/www.tobacco.biz\/wp-content\/uploads\/2020\/10\/tailor-made-solutions-2opzione-980x747.jpg 980w, https:\/\/www.tobacco.biz\/wp-content\/uploads\/2020\/10\/tailor-made-solutions-2opzione-480x366.jpg 480w\" sizes=\"(min-width: 0px) and (max-width: 480px) 480px, (min-width: 481px) and (max-width: 980px) 980px, (min-width: 981px) and (max-width: 1280px) 1280px, (min-width: 1281px) 2362px, 100vw\" class=\"wp-image-1140\" title=\"tailor made solutions 2opzione\" \/><\/span><\/div><\/div><div class=\"et_pb_column_6 et_pb_column et_pb_column_1_2 et-last-child et_block_column et_pb_css_mix_blend_mode_passthrough\"><div class=\"et_pb_text_1 et_pb_text et_pb_bg_layout_light et_pb_module et_block_module\"><div class=\"et_pb_text_inner\"><h3>Zaopatrzenie<\/h3>\n<h2>Doskonna\u0142e Rozwi\u0105zania \"Szyte Na Miar\u0119\"<span style=\"font-size: 16px;\"> <\/span><\/h2>\n<p><span style=\"font-weight: 400;\">Nasza firma oferuje doskona\u0142e rozwi\u0105zania \"<strong>szyte na miar\u0119<\/strong>\". Jeste\u015bmy w stanie podj\u0105\u0107 <strong>ka\u017cde wyzwanie<\/strong> oraz <strong>zapewni\u0107 naszym klientom<\/strong> kompleksowe wsparcie. Gwarantujemy <strong>konkurencyjne ceny<\/strong>.<\/span><\/p>\n<\/div><\/div><\/div><\/div><div class=\"et_pb_row_3 et_pb_row et_pb_equal_columns et_pb_gutters1 et_block_row\"><div class=\"et_pb_column_7 et_pb_column et_pb_column_1_2 et_block_column et_pb_css_mix_blend_mode_passthrough\"><div class=\"et_pb_text_2 et_pb_text et_pb_bg_layout_light et_pb_module et_block_module\"><div class=\"et_pb_text_inner\"><h3>Satysfakcja Klient\u00f3w<\/h3>\n<h2>Nasza Ci\u0119\u017cka Praca<\/h2>\n<p><span style=\"font-weight: 400;\">Nasza ci\u0119\u017cka praca, g\u0142\u00f3wnie w ostatnich dziesi\u0119cioleciach uczyni\u0142a z nas jedn\u0105 z <strong>najbardziej rozpoznawanych firm<\/strong> w bran\u017cy tytoniowej. \u015awiadcz\u0105c us\u0142ugi g\u0142\u00f3wnym producentom rynk\u00f3w detalicznych wyrob\u00f3w tytoniowych, osi\u0105gneli\u015bmy 100% <strong>zadowolenie klient\u00f3w<\/strong>.<\/span><\/p>\n<\/div><\/div><\/div><div class=\"et_pb_column_8 et_pb_column et_pb_column_1_2 et-last-child et_block_column et_pb_column_empty et_pb_css_mix_blend_mode_passthrough\"><\/div><\/div><div class=\"et_pb_row_4 et_pb_row et_pb_equal_columns et_pb_gutters1 et_block_row\"><div class=\"et_pb_column_9 et_pb_column et_pb_column_1_2 et_block_column et_pb_css_mix_blend_mode_passthrough\"><div class=\"et_pb_image_2 et_pb_image et_pb_module et_block_module\"><span class=\"et_pb_image_wrap\"><img loading=\"lazy\" decoding=\"async\" src=\"https:\/\/www.tobacco.biz\/wp-content\/uploads\/2020\/09\/tobacco-general2-scaled.jpg\" width=\"2560\" height=\"1707\" srcset=\"https:\/\/www.tobacco.biz\/wp-content\/uploads\/2020\/09\/tobacco-general2-scaled.jpg 2560w, https:\/\/www.tobacco.biz\/wp-content\/uploads\/2020\/09\/tobacco-general2-1280x854.jpg 1280w, https:\/\/www.tobacco.biz\/wp-content\/uploads\/2020\/09\/tobacco-general2-980x653.jpg 980w, https:\/\/www.tobacco.biz\/wp-content\/uploads\/2020\/09\/tobacco-general2-480x320.jpg 480w\" sizes=\"(min-width: 0px) and (max-width: 480px) 480px, (min-width: 481px) and (max-width: 980px) 980px, (min-width: 981px) and (max-width: 1280px) 1280px, (min-width: 1281px) 2560px, 100vw\" class=\"wp-image-848\" title=\"tobacco general2\" \/><\/span><\/div><\/div><div class=\"et_pb_column_10 et_pb_column et_pb_column_1_2 et-last-child et_block_column et_pb_css_mix_blend_mode_passthrough\"><div class=\"et_pb_text_3 et_pb_text et_pb_bg_layout_light et_pb_module et_block_module\"><div class=\"et_pb_text_inner\"><h3>Satysfakcja Klient\u00f3w<\/h3>\n<h2>Nasza Ci\u0119\u017cka Praca<\/h2>\n<p><span style=\"font-weight: 400;\">Nasza ci\u0119\u017cka praca, g\u0142\u00f3wnie w ostatnich dziesi\u0119cioleciach uczyni\u0142a z nas jedn\u0105 z <strong>najbardziej rozpoznawanych firm<\/strong> w bran\u017cy tytoniowej. \u015awiadcz\u0105c us\u0142ugi g\u0142\u00f3wnym producentom rynk\u00f3w detalicznych wyrob\u00f3w tytoniowych, osi\u0105gneli\u015bmy 100% <strong>zadowolenie klient\u00f3w<\/strong>.<\/span><\/p>\n<\/div><\/div><\/div><\/div><\/div><div class=\"et_pb_section_3 et_pb_section et_section_regular et_block_section\" id=\"contact\"><div class=\"et_pb_row_5 et_pb_row et_block_row\"><div class=\"et_pb_column_11 et_pb_column et_pb_column_1_3 et_block_column et_pb_css_mix_blend_mode_passthrough\"><div class=\"et_pb_blurb_3 et_pb_blurb et_pb_bg_layout_light et_pb_blurb_position_top et_pb_module et_block_module\"><div class=\"et_pb_blurb_content\"><div class=\"et_pb_main_blurb_image\"><span class=\"et_pb_image_wrap\"><span class=\"et-pb-icon et_animated et_animated\">\ue090<\/span><\/span><\/div><div class=\"et_pb_blurb_container\"><h4 class=\"et_pb_module_header\">telefon<\/h4><div class=\"et_pb_blurb_description\"><p><a href=\"tel:+390633677154\"><span>+39 0633677154<\/span><\/a><\/p>\n<\/div><\/div><\/div><\/div><\/div><div class=\"et_pb_column_12 et_pb_column et_pb_column_1_3 et_block_column et_pb_css_mix_blend_mode_passthrough\"><div class=\"et_pb_blurb_4 et_pb_blurb et_pb_bg_layout_light et_pb_blurb_position_top et_pb_module et_block_module\"><div class=\"et_pb_blurb_content\"><div class=\"et_pb_main_blurb_image\"><span class=\"et_pb_image_wrap\"><span class=\"et-pb-icon et_animated et_animated\">\ue010<\/span><\/span><\/div><div class=\"et_pb_blurb_container\"><h4 class=\"et_pb_module_header\">E-MAIL<\/h4><div class=\"et_pb_blurb_description\"><p><a href=\"mailto:info@tobacco.biz\" target=\"_blank\" rel=\"noopener noreferrer\">info@tobacco.biz<\/a><\/p>\n<\/div><\/div><\/div><\/div><\/div><div class=\"et_pb_column_13 et_pb_column et_pb_column_1_3 et-last-child et_block_column et_pb_css_mix_blend_mode_passthrough\"><div class=\"et_pb_blurb_5 et_pb_blurb et_pb_bg_layout_light et_pb_blurb_position_top et_pb_module et_block_module\"><div class=\"et_pb_blurb_content\"><div class=\"et_pb_main_blurb_image\"><span class=\"et_pb_image_wrap et_pb_only_image_mode_wrap\"><img loading=\"lazy\" decoding=\"async\" src=\"https:\/\/www.tobacco.biz\/wp-content\/uploads\/2020\/06\/whatsapp-2.png\" width=\"512\" height=\"512\" srcset=\"https:\/\/www.tobacco.biz\/wp-content\/uploads\/2020\/06\/whatsapp-2.png 512w, https:\/\/www.tobacco.biz\/wp-content\/uploads\/2020\/06\/whatsapp-2-480x480.png 480w\" sizes=\"(min-width: 0px) and (max-width: 480px) 480px, (min-width: 481px) 512px, 100vw\" class=\"et_animated wp-image-476\" \/><\/span><\/div><div class=\"et_pb_blurb_container\"><h4 class=\"et_pb_module_header\">Whatsapp<\/h4><div class=\"et_pb_blurb_description\"><p><a href=\"https:\/\/wa.me\/393389440953\">napisz do nas tutaj<\/a><\/p>\n<\/div><\/div><\/div><\/div><\/div><\/div><\/div>","protected":false},"excerpt":{"rendered":"","protected":false},"author":1,"featured_media":0,"parent":0,"menu_order":0,"comment_status":"closed","ping_status":"closed","template":"","meta":{"footnotes":""},"class_list":["post-1487","page","type-page","status-publish","hentry"],"yoast_head":"<!-- This site is optimized with the Yoast SEO plugin v27.3 - https:\/\/yoast.com\/product\/yoast-seo-wordpress\/ -->\n<title>O Nas - Tobacco.biz<\/title>\n<meta name=\"robots\" content=\"index, follow, max-snippet:-1, max-image-preview:large, max-video-preview:-1\" \/>\n<link rel=\"canonical\" href=\"https:\/\/www.tobacco.biz\/about-us\/\" \/>\n<meta property=\"og:locale\" content=\"pl_PL\" \/>\n<meta property=\"og:type\" content=\"article\" \/>\n<meta property=\"og:title\" content=\"O Nas - Tobacco.biz\" \/>\n<meta property=\"og:url\" content=\"https:\/\/www.tobacco.biz\/about-us\/\" \/>\n<meta property=\"og:site_name\" content=\"Tobacco.biz\" \/>\n<meta property=\"article:modified_time\" content=\"2026-04-12T10:17:01+00:00\" \/>\n<meta property=\"og:image\" content=\"https:\/\/www.tobacco.biz\/wp-content\/uploads\/2021\/11\/tobaccobiz-logo-1-e1757952081664.png\" \/>\n\t<meta property=\"og:image:width\" content=\"400\" \/>\n\t<meta property=\"og:image:height\" content=\"93\" \/>\n\t<meta property=\"og:image:type\" content=\"image\/png\" \/>\n<meta name=\"twitter:card\" content=\"summary_large_image\" \/>\n<script type=\"application\/ld+json\" class=\"yoast-schema-graph\">{\"@context\":\"https:\\\/\\\/schema.org\",\"@graph\":[{\"@type\":\"WebPage\",\"@id\":\"https:\\\/\\\/www.tobacco.biz\\\/about-us\\\/\",\"url\":\"https:\\\/\\\/www.tobacco.biz\\\/about-us\\\/\",\"name\":\"O Nas - Tobacco.biz\",\"isPartOf\":{\"@id\":\"https:\\\/\\\/www.tobacco.biz\\\/#website\"},\"datePublished\":\"2020-07-02T11:17:38+00:00\",\"dateModified\":\"2026-04-12T10:17:01+00:00\",\"breadcrumb\":{\"@id\":\"https:\\\/\\\/www.tobacco.biz\\\/about-us\\\/#breadcrumb\"},\"inLanguage\":\"pl-PL\",\"potentialAction\":[{\"@type\":\"ReadAction\",\"target\":[\"https:\\\/\\\/www.tobacco.biz\\\/about-us\\\/\"]}]},{\"@type\":\"BreadcrumbList\",\"@id\":\"https:\\\/\\\/www.tobacco.biz\\\/about-us\\\/#breadcrumb\",\"itemListElement\":[{\"@type\":\"ListItem\",\"position\":1,\"name\":\"Home\",\"item\":\"https:\\\/\\\/www.tobacco.biz\\\/\"},{\"@type\":\"ListItem\",\"position\":2,\"name\":\"O Nas\"}]},{\"@type\":\"WebSite\",\"@id\":\"https:\\\/\\\/www.tobacco.biz\\\/#website\",\"url\":\"https:\\\/\\\/www.tobacco.biz\\\/\",\"name\":\"Tobacco.biz\",\"description\":\"...\",\"publisher\":{\"@id\":\"https:\\\/\\\/www.tobacco.biz\\\/#organization\"},\"potentialAction\":[{\"@type\":\"SearchAction\",\"target\":{\"@type\":\"EntryPoint\",\"urlTemplate\":\"https:\\\/\\\/www.tobacco.biz\\\/?s={search_term_string}\"},\"query-input\":{\"@type\":\"PropertyValueSpecification\",\"valueRequired\":true,\"valueName\":\"search_term_string\"}}],\"inLanguage\":\"pl-PL\"},{\"@type\":\"Organization\",\"@id\":\"https:\\\/\\\/www.tobacco.biz\\\/#organization\",\"name\":\"Italian Flair Srl\",\"url\":\"https:\\\/\\\/www.tobacco.biz\\\/\",\"logo\":{\"@type\":\"ImageObject\",\"inLanguage\":\"pl-PL\",\"@id\":\"https:\\\/\\\/www.tobacco.biz\\\/#\\\/schema\\\/logo\\\/image\\\/\",\"url\":\"https:\\\/\\\/www.tobacco.biz\\\/wp-content\\\/uploads\\\/2021\\\/11\\\/tobaccobiz-logo-1-e1757952081664.png\",\"contentUrl\":\"https:\\\/\\\/www.tobacco.biz\\\/wp-content\\\/uploads\\\/2021\\\/11\\\/tobaccobiz-logo-1-e1757952081664.png\",\"width\":400,\"height\":93,\"caption\":\"Italian Flair Srl\"},\"image\":{\"@id\":\"https:\\\/\\\/www.tobacco.biz\\\/#\\\/schema\\\/logo\\\/image\\\/\"}}]}<\/script>\n<!-- \/ Yoast SEO plugin. -->","yoast_head_json":{"title":"O Nas - Tobacco.biz","robots":{"index":"index","follow":"follow","max-snippet":"max-snippet:-1","max-image-preview":"max-image-preview:large","max-video-preview":"max-video-preview:-1"},"canonical":"https:\/\/www.tobacco.biz\/about-us\/","og_locale":"pl_PL","og_type":"article","og_title":"O Nas - Tobacco.biz","og_url":"https:\/\/www.tobacco.biz\/about-us\/","og_site_name":"Tobacco.biz","article_modified_time":"2026-04-12T10:17:01+00:00","og_image":[{"width":400,"height":93,"url":"https:\/\/www.tobacco.biz\/wp-content\/uploads\/2021\/11\/tobaccobiz-logo-1-e1757952081664.png","type":"image\/png"}],"twitter_card":"summary_large_image","schema":{"@context":"https:\/\/schema.org","@graph":[{"@type":"WebPage","@id":"https:\/\/www.tobacco.biz\/about-us\/","url":"https:\/\/www.tobacco.biz\/about-us\/","name":"O Nas - Tobacco.biz","isPartOf":{"@id":"https:\/\/www.tobacco.biz\/#website"},"datePublished":"2020-07-02T11:17:38+00:00","dateModified":"2026-04-12T10:17:01+00:00","breadcrumb":{"@id":"https:\/\/www.tobacco.biz\/about-us\/#breadcrumb"},"inLanguage":"pl-PL","potentialAction":[{"@type":"ReadAction","target":["https:\/\/www.tobacco.biz\/about-us\/"]}]},{"@type":"BreadcrumbList","@id":"https:\/\/www.tobacco.biz\/about-us\/#breadcrumb","itemListElement":[{"@type":"ListItem","position":1,"name":"Home","item":"https:\/\/www.tobacco.biz\/"},{"@type":"ListItem","position":2,"name":"O Nas"}]},{"@type":"WebSite","@id":"https:\/\/www.tobacco.biz\/#website","url":"https:\/\/www.tobacco.biz\/","name":"Tobacco.biz","description":"...","publisher":{"@id":"https:\/\/www.tobacco.biz\/#organization"},"potentialAction":[{"@type":"SearchAction","target":{"@type":"EntryPoint","urlTemplate":"https:\/\/www.tobacco.biz\/?s={search_term_string}"},"query-input":{"@type":"PropertyValueSpecification","valueRequired":true,"valueName":"search_term_string"}}],"inLanguage":"pl-PL"},{"@type":"Organization","@id":"https:\/\/www.tobacco.biz\/#organization","name":"Italian Flair Srl","url":"https:\/\/www.tobacco.biz\/","logo":{"@type":"ImageObject","inLanguage":"pl-PL","@id":"https:\/\/www.tobacco.biz\/#\/schema\/logo\/image\/","url":"https:\/\/www.tobacco.biz\/wp-content\/uploads\/2021\/11\/tobaccobiz-logo-1-e1757952081664.png","contentUrl":"https:\/\/www.tobacco.biz\/wp-content\/uploads\/2021\/11\/tobaccobiz-logo-1-e1757952081664.png","width":400,"height":93,"caption":"Italian Flair Srl"},"image":{"@id":"https:\/\/www.tobacco.biz\/#\/schema\/logo\/image\/"}}]}},"_links":{"self":[{"href":"https:\/\/www.tobacco.biz\/pl\/wp-json\/wp\/v2\/pages\/1487","targetHints":{"allow":["GET"]}}],"collection":[{"href":"https:\/\/www.tobacco.biz\/pl\/wp-json\/wp\/v2\/pages"}],"about":[{"href":"https:\/\/www.tobacco.biz\/pl\/wp-json\/wp\/v2\/types\/page"}],"author":[{"embeddable":true,"href":"https:\/\/www.tobacco.biz\/pl\/wp-json\/wp\/v2\/users\/1"}],"replies":[{"embeddable":true,"href":"https:\/\/www.tobacco.biz\/pl\/wp-json\/wp\/v2\/comments?post=1487"}],"version-history":[{"count":2,"href":"https:\/\/www.tobacco.biz\/pl\/wp-json\/wp\/v2\/pages\/1487\/revisions"}],"predecessor-version":[{"id":1886,"href":"https:\/\/www.tobacco.biz\/pl\/wp-json\/wp\/v2\/pages\/1487\/revisions\/1886"}],"wp:attachment":[{"href":"https:\/\/www.tobacco.biz\/pl\/wp-json\/wp\/v2\/media?parent=1487"}],"curies":[{"name":"wp","href":"https:\/\/api.w.org\/{rel}","templated":true}]}}